{"id":10816,"date":"2017-11-27T09:28:10","date_gmt":"2017-11-27T08:28:10","guid":{"rendered":"https:\/\/clinicadentalbadalona.com\/?page_id=10816"},"modified":"2017-11-27T09:30:59","modified_gmt":"2017-11-27T08:30:59","slug":"cirugia-oral","status":"publish","type":"page","link":"https:\/\/clinicadentalbadalona.com\/ca\/cirugia-oral-i-maxil-lofacial\/cirugia-oral\/","title":{"rendered":"Cirugia Oral"},"content":{"rendered":"<p>[vc_row css=&#8221;.vc_custom_1499784740386{padding-top: 60px !important;padding-bottom: 60px !important;}&#8221;][vc_column][vc_column_text]<\/p>\n<h2 style=\"text-align: center;\"><span style=\"color: #00b1a3;\">Cirurgia oral<\/span><\/h2>\n<h2><\/h2>\n<h4 style=\"text-align: center;\">La cirurgia oral \u00e9s l&#8217;especialitat de l&#8217;odontologia que s&#8217;ocupa de multitud d&#8217;afeccions dins de la boca i les dents, tals com l&#8217;extracci\u00f3 dels queixals del judici, de restes d&#8217;arrels dentarias, de dents retingudes o inclosos dins dels maxil\u00b7lars, de la resecci\u00f3 de frenillos (labial o lingual)\u2026<\/h4>\n<p>[\/vc_column_text]<div class=\"divider empty-space\" style=\"text-align:left;\"><div class=\"divider-elm empty-space\" style=\"margin-bottom:50px; \"><\/div><\/div><div class=\"divider linear-gradient\" style=\"text-align:center;\"><div class=\"divider-elm linear-gradient\" style=\"height: 1px; background-image: -webkit-linear-gradient(left, rgba(0,0,0,0), #00b1a3, rgba(0,0,0,0)); background-image: -moz-linear-gradient(left, rgba(0,0,0,0), #00b1a3, rgba(0,0,0,0)); background-image: -ms-linear-gradient(left, rgba(0,0,0,0), #00b1a3, rgba(0,0,0,0)); background-image: -o-linear-gradient(left, rgba(0,0,0,0), #00b1a3, rgba(0,0,0,0)); width: 60%\"><\/div><\/div>[\/vc_column][\/vc_row][vc_row row_type=&#8221;fullwidth_content&#8221; css=&#8221;.vc_custom_1499785731048{padding-top: 0px !important;padding-right: 80px !important;padding-bottom: 60px !important;padding-left: 80px !important;}&#8221;][vc_column width=&#8221;3\/4&#8243; css=&#8221;.vc_custom_1499785484378{padding-right: 30px !important;}&#8221;][vc_row_inner][vc_column_inner width=&#8221;1\/2&#8243;][vc_column_text]<\/p>\n<h2 style=\"text-align: left;\"><span style=\"color: #00b1a3;\">Cirurgia dels queixals del judici<\/span><\/h2>\n<p style=\"text-align: left;\">Consisteix en <strong>l&#8217;extracci\u00f3 quir\u00fargica dels queixals del judici<\/strong>. Est\u00e0 extracci\u00f3 es realitza per diversos motius, entre elles:<\/p>\n<p>[\/vc_column_text]<ul class=\"icons-list\"><li style=\"color:#666666\"><i class=\"fa fa-angle-right\" style=\"color:#00b1a3\"><\/i> la mala orientaci\u00f3 dels queixals del judici que pot produir danys en altres peces o un api\u00f1amiento dentario<\/li><li style=\"color:#666666\"><i class=\"fa fa-angle-right\" style=\"color:#00b1a3\"><\/i> la falta d'espai en la mand\u00edbula per a una correcta erupci\u00f3<\/li><li style=\"color:#666666\"><i class=\"fa fa-angle-right\" style=\"color:#00b1a3\"><\/i> problemas de inflamaci\u00f3n en la enc\u00eda por una erupci\u00f3n incompleta de dichas muelas,que puede ocasionar una infecci\u00f3n.<\/li><\/ul>[\/vc_column_inner][vc_column_inner width=&#8221;1\/2&#8243;][vc_column_text]<\/p>\n<h2 style=\"text-align: left;\"><span style=\"color: #00b1a3;\">Extracci\u00f3 de quists i tumors benignes<\/span><\/h2>\n<p style=\"text-align: left;\">Poden existir quists a l&#8217;interior dels ossos maxil\u00b7lars o de la mand\u00edbula causats per diversos motius, com a infeccions latents de dents en mal estat o dents que han quedat retinguts en l&#8217;os.<\/p>\n<p>&nbsp;<\/p>\n<p style=\"text-align: left;\">Es poden produir tumors benignes dins de la cavitat oral com a lipomes, fibromes o petits angiomes. Per a aquests processos es realitza una ex\u00e9resis-bi\u00f2psia de la lesi\u00f3 perqu\u00e8 un especialista ens confirmi el tipus i la benignidad del proc\u00e9s.<\/p>\n<p>[\/vc_column_text][\/vc_column_inner][\/vc_row_inner][vc_row_inner css=&#8221;.vc_custom_1499785765109{padding-top: 60px !important;padding-bottom: 60px !important;}&#8221;][vc_column_inner width=&#8221;1\/2&#8243;][vc_column_text]<\/p>\n<h2 style=\"text-align: left;\"><span style=\"color: #00b1a3;\">Extraccions complexes<\/span><\/h2>\n<p style=\"text-align: left;\">Hi ha algunes situacions que dificulten i compliquen l&#8217;extracci\u00f3 dentaria, per exemple, extreure peces dentarias que estan totalment destru\u00efdes i \u00fanicament queda l&#8217;arrel inclosa dins de l&#8217;os; pacients que han rebut radioter\u00e0pia o que tenen malalties sist\u00e9micas importants, etc..<\/p>\n<p>[\/vc_column_text][\/vc_column_inner][vc_column_inner width=&#8221;1\/2&#8243;][vc_column_text]<\/p>\n<h2 style=\"text-align: left;\"><span style=\"color: #00b1a3;\">Cirurgia de frenillos<\/span><\/h2>\n<p style=\"text-align: left;\">Els problemes amb els frenillos en els nens poden implicar patologies del parla, malposici\u00f3n de les dents o dificultat perqu\u00e8 les dents se situ\u00efn correctament dins de l&#8217;arcada dentaria. Amb unes petites intervencions de curta durada es poden solucionar aquests problemes perqu\u00e8 no empitjorin en l&#8217;edat adulta.<\/p>\n<p>[\/vc_column_text][\/vc_column_inner][\/vc_row_inner]<div class=\"divider empty-space\" style=\"text-align:left;\"><div class=\"divider-elm empty-space\" style=\"margin-bottom:50px; \"><\/div><\/div>[vc_column_text]<\/p>\n<h2 style=\"text-align: left;\"><span style=\"color: #00b1a3;\">Cirurgia de dents retingudes en paladar (fenestraci\u00f3n de caninos)<\/span><\/h2>\n<p style=\"text-align: left;\">El canino \u00e9s una dent que normalment erupciona entre els 11 i 13 anys d&#8217;edat, per\u00f2 de vegades, un o els dos poden desenvolupar-se en mala posici\u00f3, en el paladar, darrere dels incisius superiors i \u00e9s necessari \u201cajudar-los\u201d perqu\u00e8 surtin i no modifiquin la posici\u00f3 de les dents ve\u00efnes o danyin les arrels. La intervenci\u00f3 quir\u00fargica tamb\u00e9 cridada \u201cfenestraci\u00f3n\u201d consisteix a eliminar la geniva que cobreix la corona del canino, i en ocasions, llimar l&#8217;os de la mateixa zona.<\/p>\n<p>&nbsp;<\/p>\n<p style=\"text-align: left;\">La intervenci\u00f3 es realitza generalment amb anest\u00e8sia local i de forma ambulatoria encara que en ocasions, si la fenestraci\u00f3n \u00e9s molt dificultosa o existeix poca col\u00b7laboraci\u00f3 per part del pacient es pot realitzar amb sedaci\u00f3. Despr\u00e9s de fenestrar el canino, el ortodoncista li pegar\u00e0 un bracket o un bot\u00f3 especial per poder tirar de la dent i col\u00b7locar-ho en la posici\u00f3 correcta de l&#8217;arcada.<\/p>\n<p>[\/vc_column_text][\/vc_column][vc_column width=&#8221;1\/4&#8243; css=&#8221;.vc_custom_1499785477593{border-top-width: 1px !important;border-right-width: 1px !important;border-bottom-width: 1px !important;border-left-width: 1px !important;padding-top: 30px !important;padding-right: 30px !important;padding-bottom: 30px !important;padding-left: 30px !important;border-left-color: #00b1a3 !important;border-left-style: solid !important;border-right-color: #00b1a3 !important;border-right-style: solid !important;border-top-color: #00b1a3 !important;border-top-style: solid !important;border-bottom-color: #00b1a3 !important;border-bottom-style: solid !important;}&#8221;][vc_column_text]<\/p>\n<p style=\"text-align: center;\"><strong>DEMANA CITA ONLINE<\/strong><\/p>\n<p style=\"text-align: center;\">o truca&#8217;ns al<a class=\"telform\" href=\"tel:933955385\">\u00a0<i class=\"fa fa-phone\"><\/i> <strong>933 955 385<\/strong><\/a><\/p>\n<p>[\/vc_column_text]<div class=\"divider empty-space\" style=\"text-align:left;\"><div class=\"divider-elm empty-space\" style=\"margin-bottom:50px; \"><\/div><\/div>[contact-form-7 id=&#8221;10307&#8243;][\/vc_column][\/vc_row][vc_row][vc_column]<div class=\"divider empty-space\" style=\"text-align:left;\"><div class=\"divider-elm empty-space\" style=\"margin-bottom:50px; \"><\/div><\/div>[\/vc_column][\/vc_row][vc_row background_color=&#8221;#818285&#8243;][vc_column width=&#8221;2\/3&#8243;]<div class=\"divider empty-space\" style=\"text-align:left;\"><div class=\"divider-elm empty-space\" style=\"margin-top:25px; \"><\/div><\/div><div class=\"custom-font \" style=\"text-align:left\"><h6 class=\"custom-font-element   vc_custom_1511771262418\" style=\"font-size:22px; line-height:34px; letter-spacing:1px; color:#ffffff; \">Un bonic somriure marca la difer\u00e8ncia<\/h6 ><\/div><div class=\"custom-font \" style=\"text-align:left\"><p class=\"custom-font-element   vc_custom_1511771271650\" style=\"font-size:16px; line-height:22px; letter-spacing:1px; color:#ffffff; \">Explica\u2019ns que et succeeix i la imatge que vols transmetre,<br \/>\nnosaltres t\u2019ajudarem a aconseguir-ho.<\/p ><\/div>[\/vc_column][vc_column width=&#8221;1\/3&#8243; text_align=&#8221;center&#8221;]<div class=\"divider empty-space\" style=\"text-align:left;\"><div class=\"divider-elm empty-space\" style=\"margin-bottom:25px; \"><\/div><\/div><div class=\"custom-font \" style=\"text-align:center\"><h4 class=\"custom-font-element custom-font-4  vc_custom_1511771277825\" style=\"font-size:20px; line-height:34px; letter-spacing:1px; color:#ffffff; \">EXPLICA\u2019NS EL TEU CAS<\/h4 ><\/div><div class=\"divider empty-space\" style=\"text-align:left;\"><div class=\"divider-elm empty-space\" style=\"\"><\/div><\/div><a class=\"za-btn custom-font-5 animate_icon\" href=\"https:\/\/clinicadentalbadalona.com\/contacto\" target=\"_self\" style=\" font-size:12px;  letter-spacing:1px;  padding-top:15px; padding-bottom:15px;  padding-right:25px;  padding-left:25px;  border:1px solid #ffffff;  border-radius: 3px; -webkit-border-radius: 3px; -moz-border-radius: 3px; -o-border-radius: 3px;  color: #00b1a3; \" onmouseover=\" this.style.color='#00b1a3'; this.style.backgroundColor='#ffffff'; this.style.borderColor='#00b1a3';\" onmouseout=\" this.style.borderColor='#ffffff'; this.style.color='#00b1a3';\"><span class=\"button-text\"><span class=\"icon\"><i class=\"icon-arrow-right4\"><\/i><\/span>Contactar<\/span><\/a><div class=\"divider empty-space\" style=\"text-align:left;\"><div class=\"divider-elm empty-space\" style=\"margin-bottom:25px; \"><\/div><\/div>[\/vc_column][\/vc_row][vc_row][vc_column]<div class=\"divider empty-space\" style=\"text-align:left;\"><div class=\"divider-elm empty-space\" style=\"margin-top:20px; \"><\/div><\/div>[\/vc_column][\/vc_row]<\/p>\n","protected":false},"excerpt":{"rendered":"<p>[vc_row css=&#8221;.vc_custom_1499784740386{padding-top: 60px !important;padding-bottom: 60px !important;}&#8221;][vc_column][vc_column_text] Cirurgia oral La cirurgia oral \u00e9s l&#8217;especialitat de l&#8217;odontologia que s&#8217;ocupa de multitud d&#8217;afeccions dins de la boca i les dents, tals com l&#8217;extracci\u00f3 dels queixals del judici, de restes d&#8217;arrels dentarias, de dents retingudes o inclosos dins dels maxil\u00b7lars, de la resecci\u00f3 de&#8230;<\/p>\n","protected":false},"author":9,"featured_media":0,"parent":9340,"menu_order":0,"comment_status":"closed","ping_status":"closed","template":"template-builder.php","meta":{"_joinchat":[],"footnotes":""},"class_list":["post-10816","page","type-page","status-publish","hentry"],"yoast_head":"<!-- This site is optimized with the Yoast SEO plugin v26.8 - https:\/\/yoast.com\/product\/yoast-seo-wordpress\/ -->\n<title>Cirugia Oral - Ull Dent | Cl\u00ednica dental y medicina est\u00e9tica Badalona<\/title>\n<meta name=\"robots\" content=\"index, follow, max-snippet:-1, max-image-preview:large, max-video-preview:-1\" \/>\n<link rel=\"canonical\" href=\"https:\/\/clinicadentalbadalona.com\/ca\/cirugia-oral-i-maxil-lofacial\/cirugia-oral\/\" \/>\n<meta property=\"og:locale\" content=\"ca_ES\" \/>\n<meta property=\"og:type\" content=\"article\" \/>\n<meta property=\"og:title\" content=\"Cirugia Oral - Ull Dent | Cl\u00ednica dental y medicina est\u00e9tica Badalona\" \/>\n<meta property=\"og:description\" content=\"[vc_row css=&#8221;.vc_custom_1499784740386{padding-top: 60px !important;padding-bottom: 60px !important;}&#8221;][vc_column][vc_column_text] Cirurgia oral La cirurgia oral \u00e9s l&#8217;especialitat de l&#8217;odontologia que s&#8217;ocupa de multitud d&#8217;afeccions dins de la boca i les dents, tals com l&#8217;extracci\u00f3 dels queixals del judici, de restes d&#8217;arrels dentarias, de dents retingudes o inclosos dins dels maxil\u00b7lars, de la resecci\u00f3 de...\" \/>\n<meta property=\"og:url\" content=\"https:\/\/clinicadentalbadalona.com\/ca\/cirugia-oral-i-maxil-lofacial\/cirugia-oral\/\" \/>\n<meta property=\"og:site_name\" content=\"Ull Dent | Cl\u00ednica dental y medicina est\u00e9tica Badalona\" \/>\n<meta property=\"article:modified_time\" content=\"2017-11-27T08:30:59+00:00\" \/>\n<meta name=\"twitter:card\" content=\"summary_large_image\" \/>\n<meta name=\"twitter:label1\" content=\"Temps estimat de lectura\" \/>\n\t<meta name=\"twitter:data1\" content=\"5 minuts\" \/>\n<script type=\"application\/ld+json\" class=\"yoast-schema-graph\">{\"@context\":\"https:\/\/schema.org\",\"@graph\":[{\"@type\":\"WebPage\",\"@id\":\"https:\/\/clinicadentalbadalona.com\/ca\/cirugia-oral-i-maxil-lofacial\/cirugia-oral\/\",\"url\":\"https:\/\/clinicadentalbadalona.com\/ca\/cirugia-oral-i-maxil-lofacial\/cirugia-oral\/\",\"name\":\"Cirugia Oral - Ull Dent | Cl\u00ednica dental y medicina est\u00e9tica Badalona\",\"isPartOf\":{\"@id\":\"https:\/\/clinicadentalbadalona.com\/#website\"},\"datePublished\":\"2017-11-27T08:28:10+00:00\",\"dateModified\":\"2017-11-27T08:30:59+00:00\",\"breadcrumb\":{\"@id\":\"https:\/\/clinicadentalbadalona.com\/ca\/cirugia-oral-i-maxil-lofacial\/cirugia-oral\/#breadcrumb\"},\"inLanguage\":\"ca\",\"potentialAction\":[{\"@type\":\"ReadAction\",\"target\":[\"https:\/\/clinicadentalbadalona.com\/ca\/cirugia-oral-i-maxil-lofacial\/cirugia-oral\/\"]}]},{\"@type\":\"BreadcrumbList\",\"@id\":\"https:\/\/clinicadentalbadalona.com\/ca\/cirugia-oral-i-maxil-lofacial\/cirugia-oral\/#breadcrumb\",\"itemListElement\":[{\"@type\":\"ListItem\",\"position\":1,\"name\":\"Portada\",\"item\":\"https:\/\/clinicadentalbadalona.com\/ca\/\"},{\"@type\":\"ListItem\",\"position\":2,\"name\":\"Cirug\u00eda Oral i Maxil\u00b7lofacial\",\"item\":\"https:\/\/clinicadentalbadalona.com\/ca\/cirugia-oral-i-maxil-lofacial\/\"},{\"@type\":\"ListItem\",\"position\":3,\"name\":\"Cirugia Oral\"}]},{\"@type\":\"WebSite\",\"@id\":\"https:\/\/clinicadentalbadalona.com\/#website\",\"url\":\"https:\/\/clinicadentalbadalona.com\/\",\"name\":\"Ull Dent | Cl\u00ednica dental y medicina est\u00e9tica Badalona\",\"description\":\"Clinica Dental | Dentista Badalona - Implantes dentales Periodoncia avanzada Cirugia Oral Est\u00e9tica Dental Odontolog\u00eda preventiva\",\"publisher\":{\"@id\":\"https:\/\/clinicadentalbadalona.com\/#organization\"},\"potentialAction\":[{\"@type\":\"SearchAction\",\"target\":{\"@type\":\"EntryPoint\",\"urlTemplate\":\"https:\/\/clinicadentalbadalona.com\/?s={search_term_string}\"},\"query-input\":{\"@type\":\"PropertyValueSpecification\",\"valueRequired\":true,\"valueName\":\"search_term_string\"}}],\"inLanguage\":\"ca\"},{\"@type\":\"Organization\",\"@id\":\"https:\/\/clinicadentalbadalona.com\/#organization\",\"name\":\"Ull Dent | Cl\u00ednica dental y medicina est\u00e9tica Badalona\",\"url\":\"https:\/\/clinicadentalbadalona.com\/\",\"logo\":{\"@type\":\"ImageObject\",\"inLanguage\":\"ca\",\"@id\":\"https:\/\/clinicadentalbadalona.com\/#\/schema\/logo\/image\/\",\"url\":\"https:\/\/clinicadentalbadalona.com\/wp-content\/uploads\/2020\/11\/clinicaulldent_logo1color_lq.png\",\"contentUrl\":\"https:\/\/clinicadentalbadalona.com\/wp-content\/uploads\/2020\/11\/clinicaulldent_logo1color_lq.png\",\"width\":1182,\"height\":199,\"caption\":\"Ull Dent | Cl\u00ednica dental y medicina est\u00e9tica Badalona\"},\"image\":{\"@id\":\"https:\/\/clinicadentalbadalona.com\/#\/schema\/logo\/image\/\"}}]}<\/script>\n<!-- \/ Yoast SEO plugin. -->","yoast_head_json":{"title":"Cirugia Oral - Ull Dent | Cl\u00ednica dental y medicina est\u00e9tica Badalona","robots":{"index":"index","follow":"follow","max-snippet":"max-snippet:-1","max-image-preview":"max-image-preview:large","max-video-preview":"max-video-preview:-1"},"canonical":"https:\/\/clinicadentalbadalona.com\/ca\/cirugia-oral-i-maxil-lofacial\/cirugia-oral\/","og_locale":"ca_ES","og_type":"article","og_title":"Cirugia Oral - Ull Dent | Cl\u00ednica dental y medicina est\u00e9tica Badalona","og_description":"[vc_row css=&#8221;.vc_custom_1499784740386{padding-top: 60px !important;padding-bottom: 60px !important;}&#8221;][vc_column][vc_column_text] Cirurgia oral La cirurgia oral \u00e9s l&#8217;especialitat de l&#8217;odontologia que s&#8217;ocupa de multitud d&#8217;afeccions dins de la boca i les dents, tals com l&#8217;extracci\u00f3 dels queixals del judici, de restes d&#8217;arrels dentarias, de dents retingudes o inclosos dins dels maxil\u00b7lars, de la resecci\u00f3 de...","og_url":"https:\/\/clinicadentalbadalona.com\/ca\/cirugia-oral-i-maxil-lofacial\/cirugia-oral\/","og_site_name":"Ull Dent | Cl\u00ednica dental y medicina est\u00e9tica Badalona","article_modified_time":"2017-11-27T08:30:59+00:00","twitter_card":"summary_large_image","twitter_misc":{"Temps estimat de lectura":"5 minuts"},"schema":{"@context":"https:\/\/schema.org","@graph":[{"@type":"WebPage","@id":"https:\/\/clinicadentalbadalona.com\/ca\/cirugia-oral-i-maxil-lofacial\/cirugia-oral\/","url":"https:\/\/clinicadentalbadalona.com\/ca\/cirugia-oral-i-maxil-lofacial\/cirugia-oral\/","name":"Cirugia Oral - Ull Dent | Cl\u00ednica dental y medicina est\u00e9tica Badalona","isPartOf":{"@id":"https:\/\/clinicadentalbadalona.com\/#website"},"datePublished":"2017-11-27T08:28:10+00:00","dateModified":"2017-11-27T08:30:59+00:00","breadcrumb":{"@id":"https:\/\/clinicadentalbadalona.com\/ca\/cirugia-oral-i-maxil-lofacial\/cirugia-oral\/#breadcrumb"},"inLanguage":"ca","potentialAction":[{"@type":"ReadAction","target":["https:\/\/clinicadentalbadalona.com\/ca\/cirugia-oral-i-maxil-lofacial\/cirugia-oral\/"]}]},{"@type":"BreadcrumbList","@id":"https:\/\/clinicadentalbadalona.com\/ca\/cirugia-oral-i-maxil-lofacial\/cirugia-oral\/#breadcrumb","itemListElement":[{"@type":"ListItem","position":1,"name":"Portada","item":"https:\/\/clinicadentalbadalona.com\/ca\/"},{"@type":"ListItem","position":2,"name":"Cirug\u00eda Oral i Maxil\u00b7lofacial","item":"https:\/\/clinicadentalbadalona.com\/ca\/cirugia-oral-i-maxil-lofacial\/"},{"@type":"ListItem","position":3,"name":"Cirugia Oral"}]},{"@type":"WebSite","@id":"https:\/\/clinicadentalbadalona.com\/#website","url":"https:\/\/clinicadentalbadalona.com\/","name":"Ull Dent | Cl\u00ednica dental y medicina est\u00e9tica Badalona","description":"Clinica Dental | Dentista Badalona - Implantes dentales Periodoncia avanzada Cirugia Oral Est\u00e9tica Dental Odontolog\u00eda preventiva","publisher":{"@id":"https:\/\/clinicadentalbadalona.com\/#organization"},"potentialAction":[{"@type":"SearchAction","target":{"@type":"EntryPoint","urlTemplate":"https:\/\/clinicadentalbadalona.com\/?s={search_term_string}"},"query-input":{"@type":"PropertyValueSpecification","valueRequired":true,"valueName":"search_term_string"}}],"inLanguage":"ca"},{"@type":"Organization","@id":"https:\/\/clinicadentalbadalona.com\/#organization","name":"Ull Dent | Cl\u00ednica dental y medicina est\u00e9tica Badalona","url":"https:\/\/clinicadentalbadalona.com\/","logo":{"@type":"ImageObject","inLanguage":"ca","@id":"https:\/\/clinicadentalbadalona.com\/#\/schema\/logo\/image\/","url":"https:\/\/clinicadentalbadalona.com\/wp-content\/uploads\/2020\/11\/clinicaulldent_logo1color_lq.png","contentUrl":"https:\/\/clinicadentalbadalona.com\/wp-content\/uploads\/2020\/11\/clinicaulldent_logo1color_lq.png","width":1182,"height":199,"caption":"Ull Dent | Cl\u00ednica dental y medicina est\u00e9tica Badalona"},"image":{"@id":"https:\/\/clinicadentalbadalona.com\/#\/schema\/logo\/image\/"}}]}},"_links":{"self":[{"href":"https:\/\/clinicadentalbadalona.com\/ca\/wp-json\/wp\/v2\/pages\/10816\/"}],"collection":[{"href":"https:\/\/clinicadentalbadalona.com\/ca\/wp-json\/wp\/v2\/pages\/"}],"about":[{"href":"https:\/\/clinicadentalbadalona.com\/ca\/wp-json\/wp\/v2\/types\/page\/"}],"author":[{"embeddable":true,"href":"https:\/\/clinicadentalbadalona.com\/ca\/wp-json\/wp\/v2\/users\/9\/"}],"replies":[{"embeddable":true,"href":"https:\/\/clinicadentalbadalona.com\/ca\/wp-json\/wp\/v2\/comments\/?post=10816"}],"version-history":[{"count":0,"href":"https:\/\/clinicadentalbadalona.com\/ca\/wp-json\/wp\/v2\/pages\/10816\/revisions\/"}],"up":[{"embeddable":true,"href":"https:\/\/clinicadentalbadalona.com\/ca\/wp-json\/wp\/v2\/pages\/9340\/"}],"wp:attachment":[{"href":"https:\/\/clinicadentalbadalona.com\/ca\/wp-json\/wp\/v2\/media\/?parent=10816"}],"curies":[{"name":"wp","href":"https:\/\/api.w.org\/{rel}","templated":true}]}}