{"id":9219,"date":"2016-05-05T02:57:58","date_gmt":"2016-05-05T00:57:58","guid":{"rendered":"https:\/\/clinicadentalbadalona.com\/ca\/especialidades\/"},"modified":"2017-01-27T14:27:30","modified_gmt":"2017-01-27T13:27:30","slug":"especialitats","status":"publish","type":"page","link":"https:\/\/clinicadentalbadalona.com\/ca\/especialitats\/","title":{"rendered":"Especialitats"},"content":{"rendered":"<p>[vc_row row_type=&#8221;fullwidth_content&#8221;][vc_column][rev_slider_vc alias=&#8221;especialidades_cat&#8221;][\/vc_column][\/vc_row][vc_row][vc_column]<div class=\"divider empty-space\" style=\"text-align:left;\"><div class=\"divider-elm empty-space\" style=\"margin-bottom:75px; \"><\/div><\/div>[\/vc_column][\/vc_row][vc_row][vc_column width=&#8221;1\/3&#8243; text_align=&#8221;center&#8221;]<div class=\"za-custom-icon\"><i class=\"fa fa-asterisk font-icon\" style=\" font-size:40px; color:#02b8ad; background-color:transparent; border:0 solid transparent; line-height:90px; width:90px; height:90px; border-radius: 0; -webkit-border-radius: 0; -moz-border-radius: 0; -o-border-radius: 0;\" onmouseover=\" this.style.color='#333333';\" onmouseout=\" this.style.color='#02b8ad'; this.style.backgroundColor='transparent'; this.style.borderColor='transparent';\"><\/i><\/div><div class=\"custom-font \" style=\"text-align:center\"><h5 class=\"custom-font-element custom-font-5 \" style=\"font-size:16px; line-height:22px; letter-spacing:1px; color:#333333; \"><a href=\"https:\/\/clinicadentalbadalona.com\/ca\/odontoestomatologia\">ODONTOESTOMATOLOGIA<div class=\"divider empty-space\" style=\"text-align:left;\"><div class=\"divider-elm empty-space\" style=\"margin-top:15px; \"><\/div><\/div><\/a><\/h5 ><\/div><div class=\"custom-font \" style=\"text-align:justify\"><p class=\"custom-font-element  \" style=\"font-size:16px; line-height:28px; \">L&#8217;odontologia o estomatologia \u00e9s una de les ci\u00e8ncies de la salut que s&#8217;encarrega del diagn\u00f2stic, tractament i prevenci\u00f3 de les malalties de l&#8217;aparell estomatogn\u00e0tic, que inclou les dents, el periodonci,<br \/>\nl&#8217;articulaci\u00f3 temporomandibular i el sistema neuromuscular. I totes les estructures de la cavitat oral com la llengua, el paladar, la mucosa oral, les gl\u00e0ndules salivals i els llavis.<\/p ><\/div><div class=\"divider empty-space\" style=\"text-align:left;\"><div class=\"divider-elm empty-space\" style=\"margin-top:5px; \"><\/div><\/div><div class=\"custom-font \" style=\"text-align:left\"><p class=\"custom-font-element  \" style=\"color:#1ebfb9; \"><strong><span style=\"color: #008080;\"><a style=\"color: #008080;\" href=\"https:\/\/clinicadentalbadalona.com\/ca\/odontoestomatologia\">&#8211; Veure m\u00e9s<\/a><\/span><\/strong><\/p ><\/div>[\/vc_column][vc_column width=&#8221;1\/3&#8243; text_align=&#8221;center&#8221;]<div class=\"za-custom-icon\"><i class=\"fa fa-asterisk font-icon\" style=\" font-size:40px; color:#02b8ad; background-color:transparent; border:0 solid transparent; line-height:90px; width:90px; height:90px; border-radius: 0; -webkit-border-radius: 0; -moz-border-radius: 0; -o-border-radius: 0;\" onmouseover=\" this.style.color='#333333';\" onmouseout=\" this.style.color='#02b8ad'; this.style.backgroundColor='transparent'; this.style.borderColor='transparent';\"><\/i><\/div><div class=\"custom-font \" style=\"text-align:center\"><h5 class=\"custom-font-element custom-font-5 \" style=\"font-size:16px; line-height:22px; letter-spacing:1px; color:#333333; \"><a href=\"https:\/\/clinicadentalbadalona.com\/ca\/cirugia-oral-i-maxil\u00b7lofacial\">CIRURGIA ORAL I MAXIL\u00b7LOFACIAL<div class=\"divider empty-space\" style=\"text-align:left;\"><div class=\"divider-elm empty-space\" style=\"margin-top:15px; \"><\/div><\/div><\/a><\/h5 ><\/div><div class=\"custom-font \" style=\"text-align:justify\"><p class=\"custom-font-element  \" style=\"font-size:16px; line-height:28px; \">La cirurgia oral i maxil\u00b7lofacial s&#8217;encarrega del diagn\u00f2stic i el tractament, metge o quir\u00fargic, de tots aquells problemes relacionats amb la cavitat oral i les estructures anat\u00f2miques de cara i coll. En la Cl\u00ednica Ull Dent comptar\u00e0 amb l&#8217;assessorament de professionals especialistes en cirurgia maxil\u00b7lofacial i amb una \u00e0mplia experi\u00e8ncia en el diagn\u00f2stic i tractament de tot tipus de problemes relacionats amb la cavitat oral, el rostre i l&#8217;estructura facial.<br \/>\nEls nostres professionals realitzen les t\u00e8cniques m\u00e9s avan\u00e7ades en Cirurgia ortogn\u00e0tica, per al tractament de les anomalies ortop\u00e8diques dels maxil\u00b7lars i en la reconstrucci\u00f3 de maxil\u00b7lars per a la col\u00b7locaci\u00f3 d&#8217;implants en casos d&#8217;atr\u00f2fies maxil\u00b7lars.<\/p ><\/div><div class=\"divider empty-space\" style=\"text-align:left;\"><div class=\"divider-elm empty-space\" style=\"margin-top:5px; \"><\/div><\/div><div class=\"custom-font \" style=\"text-align:left\"><p class=\"custom-font-element  \" style=\"color:#1ebfb9; \"><strong><span style=\"color: #008080;\"><a style=\"color: #008080;\" href=\"https:\/\/clinicadentalbadalona.com\/ca\/cirugia-oral-i-maxil\u00b7lofacial\">&#8211; Veure m\u00e9s<\/a><\/span><\/strong><\/p ><\/div>[\/vc_column][vc_column width=&#8221;1\/3&#8243; text_align=&#8221;center&#8221;]<div class=\"za-custom-icon\"><i class=\"fa fa-asterisk font-icon\" style=\" font-size:40px; color:#02b8ad; background-color:transparent; border:0 solid transparent; line-height:90px; width:90px; height:90px; border-radius: 0; -webkit-border-radius: 0; -moz-border-radius: 0; -o-border-radius: 0;\" onmouseover=\" this.style.color='#333333';\" onmouseout=\" this.style.color='#02b8ad'; this.style.backgroundColor='transparent'; this.style.borderColor='transparent';\"><\/i><\/div><div class=\"custom-font \" style=\"text-align:center\"><h5 class=\"custom-font-element custom-font-5 \" style=\"font-size:16px; line-height:22px; letter-spacing:1px; color:#333333; \"><a href=\"https:\/\/clinicadentalbadalona.com\/ca\/medicina-estetica\">MEDICINA EST\u00c8TICA<div class=\"divider empty-space\" style=\"text-align:left;\"><div class=\"divider-elm empty-space\" style=\"margin-top:15px; \"><\/div><\/div><\/a><\/h5 ><\/div><div class=\"custom-font \" style=\"text-align:justify\"><p class=\"custom-font-element  \" style=\"font-size:16px; line-height:28px; \">L&#8217;envelliment \u00e9s un proc\u00e9s imparable que va a modificar l&#8217;aspecte i les caracter\u00edstiques de la nostra pell. Factors externs com el sol i el tabac provoquen l&#8217;aparici\u00f3 d&#8217;arrugues i una pell m\u00e9s fr\u00e0gil i menys el\u00e0stica, i altres factors com el pas del temps van disminuint l&#8217;elasticitat i la tersura de la pell. Els tractaments est\u00e8tics facials no quir\u00fargics tenen cada vegada<br \/>\nm\u00e9s \u00e8xit per la seva comoditat, poc risc i rapidesa de resultats. Amb petits retocs podem obtenir grans resultats. Avui dia els avan\u00e7os en medicina est\u00e8tica ens permeten rejovenir cares, mans, escots\u2026 en una sola sessi\u00f3, sense dolor i sense passar pel quir\u00f2fan. La clau de l&#8217;\u00e8xit est\u00e0 a personalitzar els tractaments.<\/p ><\/div><div class=\"divider empty-space\" style=\"text-align:left;\"><div class=\"divider-elm empty-space\" style=\"margin-top:5px; \"><\/div><\/div><div class=\"custom-font \" style=\"text-align:left\"><p class=\"custom-font-element  \" style=\"color:#1ebfb9; \"><strong><span style=\"color: #008080;\"><a style=\"color: #008080;\" href=\"https:\/\/clinicadentalbadalona.com\/ca\/medicina-estetica\">&#8211; Veure m\u00e9s<\/a><\/span><\/strong><\/p ><\/div>[\/vc_column][\/vc_row][vc_row][vc_column]<div class=\"divider empty-space\" style=\"text-align:left;\"><div class=\"divider-elm empty-space\" style=\"margin-bottom:75px; \"><\/div><\/div>[\/vc_column][\/vc_row][vc_row background_color=&#8221;#818285&#8243;][vc_column width=&#8221;2\/3&#8243;]<div class=\"divider empty-space\" style=\"text-align:left;\"><div class=\"divider-elm empty-space\" style=\"margin-top:25px; \"><\/div><\/div><div class=\"custom-font \" style=\"text-align:left\"><h6 class=\"custom-font-element   vc_custom_1480331055246\" style=\"font-size:22px; line-height:34px; letter-spacing:1px; color:#ffffff; \">Una bonita sonrisa que marca la diferencia<\/h6 ><\/div><div class=\"custom-font \" style=\"text-align:left\"><p class=\"custom-font-element   vc_custom_1480331436017\" style=\"font-size:16px; line-height:22px; letter-spacing:1px; color:#ffffff; \">Cu\u00e9ntanos que te pasa y la imagen que quieres transmitir,<br \/>\nnosotros te ayudaremos a conseguirlo.<\/p ><\/div>[\/vc_column][vc_column width=&#8221;1\/3&#8243; text_align=&#8221;center&#8221;]<div class=\"divider empty-space\" style=\"text-align:left;\"><div class=\"divider-elm empty-space\" style=\"margin-bottom:25px; \"><\/div><\/div><div class=\"custom-font \" style=\"text-align:center\"><h4 class=\"custom-font-element custom-font-4  vc_custom_1450058515138\" style=\"font-size:20px; line-height:34px; letter-spacing:1px; color:#ffffff; \">EXPL\u00cdCANOS TU CASO<\/h4 ><\/div><div class=\"divider empty-space\" style=\"text-align:left;\"><div class=\"divider-elm empty-space\" style=\"\"><\/div><\/div><a class=\"za-btn custom-font-5 animate_icon\" href=\"https:\/\/clinicadentalbadalona.com\/contacto\" target=\"_self\" style=\" font-size:12px;  letter-spacing:1px;  padding-top:15px; padding-bottom:15px;  padding-right:25px;  padding-left:25px;  border:1px solid #ffffff;  border-radius: 3px; -webkit-border-radius: 3px; -moz-border-radius: 3px; -o-border-radius: 3px;  color: #00b1a3; \" onmouseover=\" this.style.color='#00b1a3'; this.style.backgroundColor='#ffffff'; this.style.borderColor='#00b1a3';\" onmouseout=\" this.style.borderColor='#ffffff'; this.style.color='#00b1a3';\"><span class=\"button-text\"><span class=\"icon\"><i class=\"icon-arrow-right4\"><\/i><\/span>Contactar<\/span><\/a><div class=\"divider empty-space\" style=\"text-align:left;\"><div class=\"divider-elm empty-space\" style=\"margin-bottom:25px; \"><\/div><\/div>[\/vc_column][\/vc_row][vc_row][vc_column width=&#8221;1\/2&#8243;]<div class=\"divider empty-space\" style=\"text-align:left;\"><div class=\"divider-elm empty-space\" style=\"margin-bottom:5px; \"><\/div><\/div>[\/vc_column][vc_column width=&#8221;1\/4&#8243;]<div class=\"divider empty-space\" style=\"text-align:left;\"><div class=\"divider-elm empty-space\" style=\"margin-bottom:15px; \"><\/div><\/div>[\/vc_column][vc_column width=&#8221;1\/4&#8243;]<div class=\"divider empty-space\" style=\"text-align:left;\"><div class=\"divider-elm empty-space\" style=\"margin-bottom:15px; \"><\/div><\/div>[\/vc_column][\/vc_row][vc_row][vc_column]<div class=\"divider empty-space\" style=\"text-align:left;\"><div class=\"divider-elm empty-space\" style=\"margin-top:20px; \"><\/div><\/div>[\/vc_column][\/vc_row]<\/p>\n","protected":false},"excerpt":{"rendered":"<p>[vc_row row_type=&#8221;fullwidth_content&#8221;][vc_column][rev_slider_vc alias=&#8221;especialidades_cat&#8221;][\/vc_column][\/vc_row][vc_row][vc_column][\/vc_column][\/vc_row][vc_row][vc_column width=&#8221;1\/3&#8243; text_align=&#8221;center&#8221;][\/vc_column][vc_column width=&#8221;1\/3&#8243; text_align=&#8221;center&#8221;][\/vc_column][vc_column width=&#8221;1\/3&#8243; text_align=&#8221;center&#8221;][\/vc_column][\/vc_row][vc_row][vc_column][\/vc_column][\/vc_row][vc_row background_color=&#8221;#818285&#8243;][vc_column width=&#8221;2\/3&#8243;][\/vc_column][vc_column width=&#8221;1\/3&#8243; text_align=&#8221;center&#8221;][\/vc_column][\/vc_row][vc_row][vc_column width=&#8221;1\/2&#8243;][\/vc_column][vc_column width=&#8221;1\/4&#8243;][\/vc_column][vc_column width=&#8221;1\/4&#8243;][\/vc_column][\/vc_row][vc_row][vc_column][\/vc_column][\/vc_row]<\/p>\n","protected":false},"author":1,"featured_media":0,"parent":0,"menu_order":0,"comment_status":"closed","ping_status":"closed","template":"template-builder.php","meta":{"_joinchat":[],"footnotes":""},"class_list":["post-9219","page","type-page","status-publish","hentry"],"yoast_head":"<!-- This site is optimized with the Yoast SEO plugin v26.8 - https:\/\/yoast.com\/product\/yoast-seo-wordpress\/ -->\n<title>Especialitats - Ull Dent | Cl\u00ednica dental y medicina est\u00e9tica Badalona<\/title>\n<meta name=\"robots\" content=\"index, follow, max-snippet:-1, max-image-preview:large, max-video-preview:-1\" \/>\n<link rel=\"canonical\" href=\"https:\/\/clinicadentalbadalona.com\/ca\/especialitats\/\" \/>\n<meta property=\"og:locale\" content=\"ca_ES\" \/>\n<meta property=\"og:type\" content=\"article\" \/>\n<meta property=\"og:title\" content=\"Especialitats - Ull Dent | Cl\u00ednica dental y medicina est\u00e9tica Badalona\" \/>\n<meta property=\"og:description\" content=\"[vc_row row_type=&#8221;fullwidth_content&#8221;][vc_column][rev_slider_vc alias=&#8221;especialidades_cat&#8221;][\/vc_column][\/vc_row][vc_row][vc_column][\/vc_column][\/vc_row][vc_row][vc_column width=&#8221;1\/3&#8243; text_align=&#8221;center&#8221;][\/vc_column][vc_column width=&#8221;1\/3&#8243; text_align=&#8221;center&#8221;][\/vc_column][vc_column width=&#8221;1\/3&#8243; text_align=&#8221;center&#8221;][\/vc_column][\/vc_row][vc_row][vc_column][\/vc_column][\/vc_row][vc_row background_color=&#8221;#818285&#8243;][vc_column width=&#8221;2\/3&#8243;][\/vc_column][vc_column width=&#8221;1\/3&#8243; text_align=&#8221;center&#8221;][\/vc_column][\/vc_row][vc_row][vc_column width=&#8221;1\/2&#8243;][\/vc_column][vc_column width=&#8221;1\/4&#8243;][\/vc_column][vc_column width=&#8221;1\/4&#8243;][\/vc_column][\/vc_row][vc_row][vc_column][\/vc_column][\/vc_row]\" \/>\n<meta property=\"og:url\" content=\"https:\/\/clinicadentalbadalona.com\/ca\/especialitats\/\" \/>\n<meta property=\"og:site_name\" content=\"Ull Dent | Cl\u00ednica dental y medicina est\u00e9tica Badalona\" \/>\n<meta property=\"article:modified_time\" content=\"2017-01-27T13:27:30+00:00\" \/>\n<meta name=\"twitter:card\" content=\"summary_large_image\" \/>\n<meta name=\"twitter:label1\" content=\"Temps estimat de lectura\" \/>\n\t<meta name=\"twitter:data1\" content=\"5 minuts\" \/>\n<script type=\"application\/ld+json\" class=\"yoast-schema-graph\">{\"@context\":\"https:\/\/schema.org\",\"@graph\":[{\"@type\":\"WebPage\",\"@id\":\"https:\/\/clinicadentalbadalona.com\/ca\/especialitats\/\",\"url\":\"https:\/\/clinicadentalbadalona.com\/ca\/especialitats\/\",\"name\":\"Especialitats - Ull Dent | Cl\u00ednica dental y medicina est\u00e9tica Badalona\",\"isPartOf\":{\"@id\":\"https:\/\/clinicadentalbadalona.com\/#website\"},\"datePublished\":\"2016-05-05T00:57:58+00:00\",\"dateModified\":\"2017-01-27T13:27:30+00:00\",\"breadcrumb\":{\"@id\":\"https:\/\/clinicadentalbadalona.com\/ca\/especialitats\/#breadcrumb\"},\"inLanguage\":\"ca\",\"potentialAction\":[{\"@type\":\"ReadAction\",\"target\":[\"https:\/\/clinicadentalbadalona.com\/ca\/especialitats\/\"]}]},{\"@type\":\"BreadcrumbList\",\"@id\":\"https:\/\/clinicadentalbadalona.com\/ca\/especialitats\/#breadcrumb\",\"itemListElement\":[{\"@type\":\"ListItem\",\"position\":1,\"name\":\"Portada\",\"item\":\"https:\/\/clinicadentalbadalona.com\/ca\/\"},{\"@type\":\"ListItem\",\"position\":2,\"name\":\"Especialitats\"}]},{\"@type\":\"WebSite\",\"@id\":\"https:\/\/clinicadentalbadalona.com\/#website\",\"url\":\"https:\/\/clinicadentalbadalona.com\/\",\"name\":\"Ull Dent | Cl\u00ednica dental y medicina est\u00e9tica Badalona\",\"description\":\"Clinica Dental | Dentista Badalona - Implantes dentales Periodoncia avanzada Cirugia Oral Est\u00e9tica Dental Odontolog\u00eda preventiva\",\"publisher\":{\"@id\":\"https:\/\/clinicadentalbadalona.com\/#organization\"},\"potentialAction\":[{\"@type\":\"SearchAction\",\"target\":{\"@type\":\"EntryPoint\",\"urlTemplate\":\"https:\/\/clinicadentalbadalona.com\/?s={search_term_string}\"},\"query-input\":{\"@type\":\"PropertyValueSpecification\",\"valueRequired\":true,\"valueName\":\"search_term_string\"}}],\"inLanguage\":\"ca\"},{\"@type\":\"Organization\",\"@id\":\"https:\/\/clinicadentalbadalona.com\/#organization\",\"name\":\"Ull Dent | Cl\u00ednica dental y medicina est\u00e9tica Badalona\",\"url\":\"https:\/\/clinicadentalbadalona.com\/\",\"logo\":{\"@type\":\"ImageObject\",\"inLanguage\":\"ca\",\"@id\":\"https:\/\/clinicadentalbadalona.com\/#\/schema\/logo\/image\/\",\"url\":\"https:\/\/clinicadentalbadalona.com\/wp-content\/uploads\/2020\/11\/clinicaulldent_logo1color_lq.png\",\"contentUrl\":\"https:\/\/clinicadentalbadalona.com\/wp-content\/uploads\/2020\/11\/clinicaulldent_logo1color_lq.png\",\"width\":1182,\"height\":199,\"caption\":\"Ull Dent | Cl\u00ednica dental y medicina est\u00e9tica Badalona\"},\"image\":{\"@id\":\"https:\/\/clinicadentalbadalona.com\/#\/schema\/logo\/image\/\"}}]}<\/script>\n<!-- \/ Yoast SEO plugin. -->","yoast_head_json":{"title":"Especialitats - Ull Dent | Cl\u00ednica dental y medicina est\u00e9tica Badalona","robots":{"index":"index","follow":"follow","max-snippet":"max-snippet:-1","max-image-preview":"max-image-preview:large","max-video-preview":"max-video-preview:-1"},"canonical":"https:\/\/clinicadentalbadalona.com\/ca\/especialitats\/","og_locale":"ca_ES","og_type":"article","og_title":"Especialitats - Ull Dent | Cl\u00ednica dental y medicina est\u00e9tica Badalona","og_description":"[vc_row row_type=&#8221;fullwidth_content&#8221;][vc_column][rev_slider_vc alias=&#8221;especialidades_cat&#8221;][\/vc_column][\/vc_row][vc_row][vc_column][\/vc_column][\/vc_row][vc_row][vc_column width=&#8221;1\/3&#8243; text_align=&#8221;center&#8221;][\/vc_column][vc_column width=&#8221;1\/3&#8243; text_align=&#8221;center&#8221;][\/vc_column][vc_column width=&#8221;1\/3&#8243; text_align=&#8221;center&#8221;][\/vc_column][\/vc_row][vc_row][vc_column][\/vc_column][\/vc_row][vc_row background_color=&#8221;#818285&#8243;][vc_column width=&#8221;2\/3&#8243;][\/vc_column][vc_column width=&#8221;1\/3&#8243; text_align=&#8221;center&#8221;][\/vc_column][\/vc_row][vc_row][vc_column width=&#8221;1\/2&#8243;][\/vc_column][vc_column width=&#8221;1\/4&#8243;][\/vc_column][vc_column width=&#8221;1\/4&#8243;][\/vc_column][\/vc_row][vc_row][vc_column][\/vc_column][\/vc_row]","og_url":"https:\/\/clinicadentalbadalona.com\/ca\/especialitats\/","og_site_name":"Ull Dent | Cl\u00ednica dental y medicina est\u00e9tica Badalona","article_modified_time":"2017-01-27T13:27:30+00:00","twitter_card":"summary_large_image","twitter_misc":{"Temps estimat de lectura":"5 minuts"},"schema":{"@context":"https:\/\/schema.org","@graph":[{"@type":"WebPage","@id":"https:\/\/clinicadentalbadalona.com\/ca\/especialitats\/","url":"https:\/\/clinicadentalbadalona.com\/ca\/especialitats\/","name":"Especialitats - Ull Dent | Cl\u00ednica dental y medicina est\u00e9tica Badalona","isPartOf":{"@id":"https:\/\/clinicadentalbadalona.com\/#website"},"datePublished":"2016-05-05T00:57:58+00:00","dateModified":"2017-01-27T13:27:30+00:00","breadcrumb":{"@id":"https:\/\/clinicadentalbadalona.com\/ca\/especialitats\/#breadcrumb"},"inLanguage":"ca","potentialAction":[{"@type":"ReadAction","target":["https:\/\/clinicadentalbadalona.com\/ca\/especialitats\/"]}]},{"@type":"BreadcrumbList","@id":"https:\/\/clinicadentalbadalona.com\/ca\/especialitats\/#breadcrumb","itemListElement":[{"@type":"ListItem","position":1,"name":"Portada","item":"https:\/\/clinicadentalbadalona.com\/ca\/"},{"@type":"ListItem","position":2,"name":"Especialitats"}]},{"@type":"WebSite","@id":"https:\/\/clinicadentalbadalona.com\/#website","url":"https:\/\/clinicadentalbadalona.com\/","name":"Ull Dent | Cl\u00ednica dental y medicina est\u00e9tica Badalona","description":"Clinica Dental | Dentista Badalona - Implantes dentales Periodoncia avanzada Cirugia Oral Est\u00e9tica Dental Odontolog\u00eda preventiva","publisher":{"@id":"https:\/\/clinicadentalbadalona.com\/#organization"},"potentialAction":[{"@type":"SearchAction","target":{"@type":"EntryPoint","urlTemplate":"https:\/\/clinicadentalbadalona.com\/?s={search_term_string}"},"query-input":{"@type":"PropertyValueSpecification","valueRequired":true,"valueName":"search_term_string"}}],"inLanguage":"ca"},{"@type":"Organization","@id":"https:\/\/clinicadentalbadalona.com\/#organization","name":"Ull Dent | Cl\u00ednica dental y medicina est\u00e9tica Badalona","url":"https:\/\/clinicadentalbadalona.com\/","logo":{"@type":"ImageObject","inLanguage":"ca","@id":"https:\/\/clinicadentalbadalona.com\/#\/schema\/logo\/image\/","url":"https:\/\/clinicadentalbadalona.com\/wp-content\/uploads\/2020\/11\/clinicaulldent_logo1color_lq.png","contentUrl":"https:\/\/clinicadentalbadalona.com\/wp-content\/uploads\/2020\/11\/clinicaulldent_logo1color_lq.png","width":1182,"height":199,"caption":"Ull Dent | Cl\u00ednica dental y medicina est\u00e9tica Badalona"},"image":{"@id":"https:\/\/clinicadentalbadalona.com\/#\/schema\/logo\/image\/"}}]}},"_links":{"self":[{"href":"https:\/\/clinicadentalbadalona.com\/ca\/wp-json\/wp\/v2\/pages\/9219\/"}],"collection":[{"href":"https:\/\/clinicadentalbadalona.com\/ca\/wp-json\/wp\/v2\/pages\/"}],"about":[{"href":"https:\/\/clinicadentalbadalona.com\/ca\/wp-json\/wp\/v2\/types\/page\/"}],"author":[{"embeddable":true,"href":"https:\/\/clinicadentalbadalona.com\/ca\/wp-json\/wp\/v2\/users\/1\/"}],"replies":[{"embeddable":true,"href":"https:\/\/clinicadentalbadalona.com\/ca\/wp-json\/wp\/v2\/comments\/?post=9219"}],"version-history":[{"count":0,"href":"https:\/\/clinicadentalbadalona.com\/ca\/wp-json\/wp\/v2\/pages\/9219\/revisions\/"}],"wp:attachment":[{"href":"https:\/\/clinicadentalbadalona.com\/ca\/wp-json\/wp\/v2\/media\/?parent=9219"}],"curies":[{"name":"wp","href":"https:\/\/api.w.org\/{rel}","templated":true}]}}