{"id":9811,"date":"2016-12-09T09:45:46","date_gmt":"2016-12-09T08:45:46","guid":{"rendered":"https:\/\/clinicadentalbadalona.com\/ca\/dra-tort-asiste-nuevo-curso-acido-hialuronico\/"},"modified":"2016-12-09T10:00:12","modified_gmt":"2016-12-09T09:00:12","slug":"dra-tort-asiste-nuevo-curso-acido-hialuronico","status":"publish","type":"page","link":"https:\/\/clinicadentalbadalona.com\/ca\/blog\/dra-tort-asiste-nuevo-curso-acido-hialuronico\/","title":{"rendered":"Dra. Tort assiteix a un nou curs de \u00e1cid hialur\u00f3nic"},"content":{"rendered":"<p>Els passats 23 i 24 d \u2018octubre de 2016 , la Dra Anna Tort , de la cl\u00ednica Ull Dent de Badalona ha assistit a un curs sobre l\u2019\u00fas de l\u2019\u00c0CID HIALUR\u00d2NIC en odontologia , dirigit pel Dr Edgar Teddy Romero ,en el qu\u00e8 ha aprofondit els seus coneixements en est\u00e8tica facial i est\u00e8tica oral, ja que l\u2019 ha capacitat en la utilitzaci\u00f3 de l \u2018\u00e0cid hialur\u00f2nic, no nom\u00e9s en les seves aplicacions en medicina est\u00e8tica si no tamb\u00e9 en les m\u00faltiples aplicacions que t\u00e9 en el camp de l\u2019odontologia com s\u00f3n:<br \/>\n-Correccions de somriures gingivals<br \/>\n-Correccions de perfils facials<br \/>\n-Corregir la p\u00e8rdua de volum peri-oral en tractaments amb pr\u00f2tesi convencional i sobre implants<br \/>\n-En regeneraci\u00f3 \u00f2ssia<br \/>\n-Tancar espais negres interproximals (teixits tous: papil.les)<br \/>\n-Postoperatoris i i cicatritzaci\u00f3 de teixits (cirurgia oral)<br \/>\n-Estabilitat gingival en period\u00f2ncia<br \/>\n-Embelliment de somriures a partir del tractament de llavis en relaci\u00f3 amb les dents, genives i rostre: llavis hipopl\u00e0ssics,assim\u00e8trics, secs, sense perfil o sense suport adeq\u00fcats de bellesa i joventut ( est\u00e8tica dental i rehabilitaci\u00f3 oral)<br \/>\n-Eliminaci\u00f3 d \u2018arrugues periorals (est\u00e8tica dental i rehabilitaci\u00f3 oral)<br \/>\n-Revitalitzat de teixits periorals (est\u00e8tica dental i rehabilitaci\u00f3 oral)<\/p>\n<p>&nbsp;<\/p>\n","protected":false},"excerpt":{"rendered":"<p>Els passats 23 i 24 d \u2018octubre de 2016 , la Dra Anna Tort , de la cl\u00ednica Ull Dent de Badalona ha assistit a un curs sobre l\u2019\u00fas de l\u2019\u00c0CID HIALUR\u00d2NIC en odontologia , dirigit pel Dr Edgar Teddy Romero ,en el qu\u00e8 ha aprofondit els seus coneixements en&#8230;<\/p>\n","protected":false},"author":1,"featured_media":0,"parent":9216,"menu_order":0,"comment_status":"closed","ping_status":"closed","template":"","meta":{"_joinchat":[],"footnotes":""},"class_list":["post-9811","page","type-page","status-publish","hentry"],"yoast_head":"<!-- This site is optimized with the Yoast SEO plugin v26.8 - https:\/\/yoast.com\/product\/yoast-seo-wordpress\/ -->\n<title>Dra. Tort assiteix a un nou curs de \u00e1cid hialur\u00f3nic - Ull Dent | Cl\u00ednica dental y medicina est\u00e9tica Badalona<\/title>\n<meta name=\"robots\" content=\"index, follow, max-snippet:-1, max-image-preview:large, max-video-preview:-1\" \/>\n<link rel=\"canonical\" href=\"https:\/\/clinicadentalbadalona.com\/ca\/blog\/dra-tort-asiste-nuevo-curso-acido-hialuronico\/\" \/>\n<meta property=\"og:locale\" content=\"ca_ES\" \/>\n<meta property=\"og:type\" content=\"article\" \/>\n<meta property=\"og:title\" content=\"Dra. Tort assiteix a un nou curs de \u00e1cid hialur\u00f3nic - Ull Dent | Cl\u00ednica dental y medicina est\u00e9tica Badalona\" \/>\n<meta property=\"og:description\" content=\"Els passats 23 i 24 d \u2018octubre de 2016 , la Dra Anna Tort , de la cl\u00ednica Ull Dent de Badalona ha assistit a un curs sobre l\u2019\u00fas de l\u2019\u00c0CID HIALUR\u00d2NIC en odontologia , dirigit pel Dr Edgar Teddy Romero ,en el qu\u00e8 ha aprofondit els seus coneixements en...\" \/>\n<meta property=\"og:url\" content=\"https:\/\/clinicadentalbadalona.com\/ca\/blog\/dra-tort-asiste-nuevo-curso-acido-hialuronico\/\" \/>\n<meta property=\"og:site_name\" content=\"Ull Dent | Cl\u00ednica dental y medicina est\u00e9tica Badalona\" \/>\n<meta property=\"article:modified_time\" content=\"2016-12-09T09:00:12+00:00\" \/>\n<meta name=\"twitter:card\" content=\"summary_large_image\" \/>\n<meta name=\"twitter:label1\" content=\"Temps estimat de lectura\" \/>\n\t<meta name=\"twitter:data1\" content=\"1 minut\" \/>\n<script type=\"application\/ld+json\" class=\"yoast-schema-graph\">{\"@context\":\"https:\/\/schema.org\",\"@graph\":[{\"@type\":\"WebPage\",\"@id\":\"https:\/\/clinicadentalbadalona.com\/ca\/blog\/dra-tort-asiste-nuevo-curso-acido-hialuronico\/\",\"url\":\"https:\/\/clinicadentalbadalona.com\/ca\/blog\/dra-tort-asiste-nuevo-curso-acido-hialuronico\/\",\"name\":\"Dra. Tort assiteix a un nou curs de \u00e1cid hialur\u00f3nic - Ull Dent | Cl\u00ednica dental y medicina est\u00e9tica Badalona\",\"isPartOf\":{\"@id\":\"https:\/\/clinicadentalbadalona.com\/#website\"},\"datePublished\":\"2016-12-09T08:45:46+00:00\",\"dateModified\":\"2016-12-09T09:00:12+00:00\",\"breadcrumb\":{\"@id\":\"https:\/\/clinicadentalbadalona.com\/ca\/blog\/dra-tort-asiste-nuevo-curso-acido-hialuronico\/#breadcrumb\"},\"inLanguage\":\"ca\",\"potentialAction\":[{\"@type\":\"ReadAction\",\"target\":[\"https:\/\/clinicadentalbadalona.com\/ca\/blog\/dra-tort-asiste-nuevo-curso-acido-hialuronico\/\"]}]},{\"@type\":\"BreadcrumbList\",\"@id\":\"https:\/\/clinicadentalbadalona.com\/ca\/blog\/dra-tort-asiste-nuevo-curso-acido-hialuronico\/#breadcrumb\",\"itemListElement\":[{\"@type\":\"ListItem\",\"position\":1,\"name\":\"Portada\",\"item\":\"https:\/\/clinicadentalbadalona.com\/ca\/\"},{\"@type\":\"ListItem\",\"position\":2,\"name\":\"Blog\",\"item\":\"https:\/\/clinicadentalbadalona.com\/ca\/blog\/\"},{\"@type\":\"ListItem\",\"position\":3,\"name\":\"Dra. Tort assiteix a un nou curs de \u00e1cid hialur\u00f3nic\"}]},{\"@type\":\"WebSite\",\"@id\":\"https:\/\/clinicadentalbadalona.com\/#website\",\"url\":\"https:\/\/clinicadentalbadalona.com\/\",\"name\":\"Ull Dent | Cl\u00ednica dental y medicina est\u00e9tica Badalona\",\"description\":\"Clinica Dental | Dentista Badalona - Implantes dentales Periodoncia avanzada Cirugia Oral Est\u00e9tica Dental Odontolog\u00eda preventiva\",\"publisher\":{\"@id\":\"https:\/\/clinicadentalbadalona.com\/#organization\"},\"potentialAction\":[{\"@type\":\"SearchAction\",\"target\":{\"@type\":\"EntryPoint\",\"urlTemplate\":\"https:\/\/clinicadentalbadalona.com\/?s={search_term_string}\"},\"query-input\":{\"@type\":\"PropertyValueSpecification\",\"valueRequired\":true,\"valueName\":\"search_term_string\"}}],\"inLanguage\":\"ca\"},{\"@type\":\"Organization\",\"@id\":\"https:\/\/clinicadentalbadalona.com\/#organization\",\"name\":\"Ull Dent | Cl\u00ednica dental y medicina est\u00e9tica Badalona\",\"url\":\"https:\/\/clinicadentalbadalona.com\/\",\"logo\":{\"@type\":\"ImageObject\",\"inLanguage\":\"ca\",\"@id\":\"https:\/\/clinicadentalbadalona.com\/#\/schema\/logo\/image\/\",\"url\":\"https:\/\/clinicadentalbadalona.com\/wp-content\/uploads\/2020\/11\/clinicaulldent_logo1color_lq.png\",\"contentUrl\":\"https:\/\/clinicadentalbadalona.com\/wp-content\/uploads\/2020\/11\/clinicaulldent_logo1color_lq.png\",\"width\":1182,\"height\":199,\"caption\":\"Ull Dent | Cl\u00ednica dental y medicina est\u00e9tica Badalona\"},\"image\":{\"@id\":\"https:\/\/clinicadentalbadalona.com\/#\/schema\/logo\/image\/\"}}]}<\/script>\n<!-- \/ Yoast SEO plugin. -->","yoast_head_json":{"title":"Dra. Tort assiteix a un nou curs de \u00e1cid hialur\u00f3nic - Ull Dent | Cl\u00ednica dental y medicina est\u00e9tica Badalona","robots":{"index":"index","follow":"follow","max-snippet":"max-snippet:-1","max-image-preview":"max-image-preview:large","max-video-preview":"max-video-preview:-1"},"canonical":"https:\/\/clinicadentalbadalona.com\/ca\/blog\/dra-tort-asiste-nuevo-curso-acido-hialuronico\/","og_locale":"ca_ES","og_type":"article","og_title":"Dra. Tort assiteix a un nou curs de \u00e1cid hialur\u00f3nic - Ull Dent | Cl\u00ednica dental y medicina est\u00e9tica Badalona","og_description":"Els passats 23 i 24 d \u2018octubre de 2016 , la Dra Anna Tort , de la cl\u00ednica Ull Dent de Badalona ha assistit a un curs sobre l\u2019\u00fas de l\u2019\u00c0CID HIALUR\u00d2NIC en odontologia , dirigit pel Dr Edgar Teddy Romero ,en el qu\u00e8 ha aprofondit els seus coneixements en...","og_url":"https:\/\/clinicadentalbadalona.com\/ca\/blog\/dra-tort-asiste-nuevo-curso-acido-hialuronico\/","og_site_name":"Ull Dent | Cl\u00ednica dental y medicina est\u00e9tica Badalona","article_modified_time":"2016-12-09T09:00:12+00:00","twitter_card":"summary_large_image","twitter_misc":{"Temps estimat de lectura":"1 minut"},"schema":{"@context":"https:\/\/schema.org","@graph":[{"@type":"WebPage","@id":"https:\/\/clinicadentalbadalona.com\/ca\/blog\/dra-tort-asiste-nuevo-curso-acido-hialuronico\/","url":"https:\/\/clinicadentalbadalona.com\/ca\/blog\/dra-tort-asiste-nuevo-curso-acido-hialuronico\/","name":"Dra. Tort assiteix a un nou curs de \u00e1cid hialur\u00f3nic - Ull Dent | Cl\u00ednica dental y medicina est\u00e9tica Badalona","isPartOf":{"@id":"https:\/\/clinicadentalbadalona.com\/#website"},"datePublished":"2016-12-09T08:45:46+00:00","dateModified":"2016-12-09T09:00:12+00:00","breadcrumb":{"@id":"https:\/\/clinicadentalbadalona.com\/ca\/blog\/dra-tort-asiste-nuevo-curso-acido-hialuronico\/#breadcrumb"},"inLanguage":"ca","potentialAction":[{"@type":"ReadAction","target":["https:\/\/clinicadentalbadalona.com\/ca\/blog\/dra-tort-asiste-nuevo-curso-acido-hialuronico\/"]}]},{"@type":"BreadcrumbList","@id":"https:\/\/clinicadentalbadalona.com\/ca\/blog\/dra-tort-asiste-nuevo-curso-acido-hialuronico\/#breadcrumb","itemListElement":[{"@type":"ListItem","position":1,"name":"Portada","item":"https:\/\/clinicadentalbadalona.com\/ca\/"},{"@type":"ListItem","position":2,"name":"Blog","item":"https:\/\/clinicadentalbadalona.com\/ca\/blog\/"},{"@type":"ListItem","position":3,"name":"Dra. Tort assiteix a un nou curs de \u00e1cid hialur\u00f3nic"}]},{"@type":"WebSite","@id":"https:\/\/clinicadentalbadalona.com\/#website","url":"https:\/\/clinicadentalbadalona.com\/","name":"Ull Dent | Cl\u00ednica dental y medicina est\u00e9tica Badalona","description":"Clinica Dental | Dentista Badalona - Implantes dentales Periodoncia avanzada Cirugia Oral Est\u00e9tica Dental Odontolog\u00eda preventiva","publisher":{"@id":"https:\/\/clinicadentalbadalona.com\/#organization"},"potentialAction":[{"@type":"SearchAction","target":{"@type":"EntryPoint","urlTemplate":"https:\/\/clinicadentalbadalona.com\/?s={search_term_string}"},"query-input":{"@type":"PropertyValueSpecification","valueRequired":true,"valueName":"search_term_string"}}],"inLanguage":"ca"},{"@type":"Organization","@id":"https:\/\/clinicadentalbadalona.com\/#organization","name":"Ull Dent | Cl\u00ednica dental y medicina est\u00e9tica Badalona","url":"https:\/\/clinicadentalbadalona.com\/","logo":{"@type":"ImageObject","inLanguage":"ca","@id":"https:\/\/clinicadentalbadalona.com\/#\/schema\/logo\/image\/","url":"https:\/\/clinicadentalbadalona.com\/wp-content\/uploads\/2020\/11\/clinicaulldent_logo1color_lq.png","contentUrl":"https:\/\/clinicadentalbadalona.com\/wp-content\/uploads\/2020\/11\/clinicaulldent_logo1color_lq.png","width":1182,"height":199,"caption":"Ull Dent | Cl\u00ednica dental y medicina est\u00e9tica Badalona"},"image":{"@id":"https:\/\/clinicadentalbadalona.com\/#\/schema\/logo\/image\/"}}]}},"_links":{"self":[{"href":"https:\/\/clinicadentalbadalona.com\/ca\/wp-json\/wp\/v2\/pages\/9811\/"}],"collection":[{"href":"https:\/\/clinicadentalbadalona.com\/ca\/wp-json\/wp\/v2\/pages\/"}],"about":[{"href":"https:\/\/clinicadentalbadalona.com\/ca\/wp-json\/wp\/v2\/types\/page\/"}],"author":[{"embeddable":true,"href":"https:\/\/clinicadentalbadalona.com\/ca\/wp-json\/wp\/v2\/users\/1\/"}],"replies":[{"embeddable":true,"href":"https:\/\/clinicadentalbadalona.com\/ca\/wp-json\/wp\/v2\/comments\/?post=9811"}],"version-history":[{"count":0,"href":"https:\/\/clinicadentalbadalona.com\/ca\/wp-json\/wp\/v2\/pages\/9811\/revisions\/"}],"up":[{"embeddable":true,"href":"https:\/\/clinicadentalbadalona.com\/ca\/wp-json\/wp\/v2\/pages\/9216\/"}],"wp:attachment":[{"href":"https:\/\/clinicadentalbadalona.com\/ca\/wp-json\/wp\/v2\/media\/?parent=9811"}],"curies":[{"name":"wp","href":"https:\/\/api.w.org\/{rel}","templated":true}]}}