{"id":9917,"date":"2017-01-31T12:42:07","date_gmt":"2017-01-31T11:42:07","guid":{"rendered":"https:\/\/clinicadentalbadalona.com\/?page_id=9917\/"},"modified":"2019-05-15T15:14:16","modified_gmt":"2019-05-15T13:14:16","slug":"lopd","status":"publish","type":"page","link":"https:\/\/clinicadentalbadalona.com\/ca\/lopd\/","title":{"rendered":"LOPD"},"content":{"rendered":"<p>Posem en el seu coneixement que les dades que vost\u00e8 ens lliura volunt\u00e0riament, seran introdu\u00efdes a la BASE DE DADES GENERAL D&#8217;ADMINISTRACI\u00d3 DE Ull-Dent, S.L. anomenada BDGACDUDT, registrada al R.G.F.P. de la A.E .P.D. amb el n\u00famero 2030510001, el responsable del qual \u00e9s ULL-Dent, S.L. a fi d&#8217;atendre la seva sol\u00b7licitud i per informar-lo de ofertes o promocions que puguin ser del seu inter\u00e8s.<br \/>\nEn tot cas i en qualsevol moment, vost\u00e8 pot consultar, accedir, rectificar, cancel\u00b7lar o b\u00e9 oposar-se que tractem les seves dades dirigint-se a les nostres oficines situades al C \/ Pere III n\u00ba 11 de Badalona on li facilitaran els impresos oficials oportuns i adequats a la seva pretensi\u00f3.<\/p>\n","protected":false},"excerpt":{"rendered":"<p>Posem en el seu coneixement que les dades que vost\u00e8 ens lliura volunt\u00e0riament, seran introdu\u00efdes a la BASE DE DADES GENERAL D&#8217;ADMINISTRACI\u00d3 DE Ull-Dent, S.L. anomenada BDGACDUDT, registrada al R.G.F.P. de la A.E .P.D. amb el n\u00famero 2030510001, el responsable del qual \u00e9s ULL-Dent, S.L. a fi d&#8217;atendre la seva&#8230;<\/p>\n","protected":false},"author":1,"featured_media":0,"parent":0,"menu_order":0,"comment_status":"closed","ping_status":"closed","template":"","meta":{"_joinchat":[],"footnotes":""},"class_list":["post-9917","page","type-page","status-publish","hentry"],"yoast_head":"<!-- This site is optimized with the Yoast SEO plugin v26.8 - https:\/\/yoast.com\/product\/yoast-seo-wordpress\/ -->\n<title>LOPD - Ull Dent | Cl\u00ednica dental y medicina est\u00e9tica Badalona<\/title>\n<meta name=\"robots\" content=\"index, follow, max-snippet:-1, max-image-preview:large, max-video-preview:-1\" \/>\n<link rel=\"canonical\" href=\"https:\/\/clinicadentalbadalona.com\/ca\/lopd\/\" \/>\n<meta property=\"og:locale\" content=\"ca_ES\" \/>\n<meta property=\"og:type\" content=\"article\" \/>\n<meta property=\"og:title\" content=\"LOPD - Ull Dent | Cl\u00ednica dental y medicina est\u00e9tica Badalona\" \/>\n<meta property=\"og:description\" content=\"Posem en el seu coneixement que les dades que vost\u00e8 ens lliura volunt\u00e0riament, seran introdu\u00efdes a la BASE DE DADES GENERAL D&#8217;ADMINISTRACI\u00d3 DE Ull-Dent, S.L. anomenada BDGACDUDT, registrada al R.G.F.P. de la A.E .P.D. amb el n\u00famero 2030510001, el responsable del qual \u00e9s ULL-Dent, S.L. a fi d&#8217;atendre la seva...\" \/>\n<meta property=\"og:url\" content=\"https:\/\/clinicadentalbadalona.com\/ca\/lopd\/\" \/>\n<meta property=\"og:site_name\" content=\"Ull Dent | Cl\u00ednica dental y medicina est\u00e9tica Badalona\" \/>\n<meta property=\"article:modified_time\" content=\"2019-05-15T13:14:16+00:00\" \/>\n<meta name=\"twitter:card\" content=\"summary_large_image\" \/>\n<meta name=\"twitter:label1\" content=\"Temps estimat de lectura\" \/>\n\t<meta name=\"twitter:data1\" content=\"1 minut\" \/>\n<script type=\"application\/ld+json\" class=\"yoast-schema-graph\">{\"@context\":\"https:\/\/schema.org\",\"@graph\":[{\"@type\":\"WebPage\",\"@id\":\"https:\/\/clinicadentalbadalona.com\/ca\/lopd\/\",\"url\":\"https:\/\/clinicadentalbadalona.com\/ca\/lopd\/\",\"name\":\"LOPD - Ull Dent | Cl\u00ednica dental y medicina est\u00e9tica Badalona\",\"isPartOf\":{\"@id\":\"https:\/\/clinicadentalbadalona.com\/#website\"},\"datePublished\":\"2017-01-31T11:42:07+00:00\",\"dateModified\":\"2019-05-15T13:14:16+00:00\",\"breadcrumb\":{\"@id\":\"https:\/\/clinicadentalbadalona.com\/ca\/lopd\/#breadcrumb\"},\"inLanguage\":\"ca\",\"potentialAction\":[{\"@type\":\"ReadAction\",\"target\":[\"https:\/\/clinicadentalbadalona.com\/ca\/lopd\/\"]}]},{\"@type\":\"BreadcrumbList\",\"@id\":\"https:\/\/clinicadentalbadalona.com\/ca\/lopd\/#breadcrumb\",\"itemListElement\":[{\"@type\":\"ListItem\",\"position\":1,\"name\":\"Portada\",\"item\":\"https:\/\/clinicadentalbadalona.com\/ca\/\"},{\"@type\":\"ListItem\",\"position\":2,\"name\":\"LOPD\"}]},{\"@type\":\"WebSite\",\"@id\":\"https:\/\/clinicadentalbadalona.com\/#website\",\"url\":\"https:\/\/clinicadentalbadalona.com\/\",\"name\":\"Ull Dent | Cl\u00ednica dental y medicina est\u00e9tica Badalona\",\"description\":\"Clinica Dental | Dentista Badalona - Implantes dentales Periodoncia avanzada Cirugia Oral Est\u00e9tica Dental Odontolog\u00eda preventiva\",\"publisher\":{\"@id\":\"https:\/\/clinicadentalbadalona.com\/#organization\"},\"potentialAction\":[{\"@type\":\"SearchAction\",\"target\":{\"@type\":\"EntryPoint\",\"urlTemplate\":\"https:\/\/clinicadentalbadalona.com\/?s={search_term_string}\"},\"query-input\":{\"@type\":\"PropertyValueSpecification\",\"valueRequired\":true,\"valueName\":\"search_term_string\"}}],\"inLanguage\":\"ca\"},{\"@type\":\"Organization\",\"@id\":\"https:\/\/clinicadentalbadalona.com\/#organization\",\"name\":\"Ull Dent | Cl\u00ednica dental y medicina est\u00e9tica Badalona\",\"url\":\"https:\/\/clinicadentalbadalona.com\/\",\"logo\":{\"@type\":\"ImageObject\",\"inLanguage\":\"ca\",\"@id\":\"https:\/\/clinicadentalbadalona.com\/#\/schema\/logo\/image\/\",\"url\":\"https:\/\/clinicadentalbadalona.com\/wp-content\/uploads\/2020\/11\/clinicaulldent_logo1color_lq.png\",\"contentUrl\":\"https:\/\/clinicadentalbadalona.com\/wp-content\/uploads\/2020\/11\/clinicaulldent_logo1color_lq.png\",\"width\":1182,\"height\":199,\"caption\":\"Ull Dent | Cl\u00ednica dental y medicina est\u00e9tica Badalona\"},\"image\":{\"@id\":\"https:\/\/clinicadentalbadalona.com\/#\/schema\/logo\/image\/\"}}]}<\/script>\n<!-- \/ Yoast SEO plugin. -->","yoast_head_json":{"title":"LOPD - Ull Dent | Cl\u00ednica dental y medicina est\u00e9tica Badalona","robots":{"index":"index","follow":"follow","max-snippet":"max-snippet:-1","max-image-preview":"max-image-preview:large","max-video-preview":"max-video-preview:-1"},"canonical":"https:\/\/clinicadentalbadalona.com\/ca\/lopd\/","og_locale":"ca_ES","og_type":"article","og_title":"LOPD - Ull Dent | Cl\u00ednica dental y medicina est\u00e9tica Badalona","og_description":"Posem en el seu coneixement que les dades que vost\u00e8 ens lliura volunt\u00e0riament, seran introdu\u00efdes a la BASE DE DADES GENERAL D&#8217;ADMINISTRACI\u00d3 DE Ull-Dent, S.L. anomenada BDGACDUDT, registrada al R.G.F.P. de la A.E .P.D. amb el n\u00famero 2030510001, el responsable del qual \u00e9s ULL-Dent, S.L. a fi d&#8217;atendre la seva...","og_url":"https:\/\/clinicadentalbadalona.com\/ca\/lopd\/","og_site_name":"Ull Dent | Cl\u00ednica dental y medicina est\u00e9tica Badalona","article_modified_time":"2019-05-15T13:14:16+00:00","twitter_card":"summary_large_image","twitter_misc":{"Temps estimat de lectura":"1 minut"},"schema":{"@context":"https:\/\/schema.org","@graph":[{"@type":"WebPage","@id":"https:\/\/clinicadentalbadalona.com\/ca\/lopd\/","url":"https:\/\/clinicadentalbadalona.com\/ca\/lopd\/","name":"LOPD - Ull Dent | Cl\u00ednica dental y medicina est\u00e9tica Badalona","isPartOf":{"@id":"https:\/\/clinicadentalbadalona.com\/#website"},"datePublished":"2017-01-31T11:42:07+00:00","dateModified":"2019-05-15T13:14:16+00:00","breadcrumb":{"@id":"https:\/\/clinicadentalbadalona.com\/ca\/lopd\/#breadcrumb"},"inLanguage":"ca","potentialAction":[{"@type":"ReadAction","target":["https:\/\/clinicadentalbadalona.com\/ca\/lopd\/"]}]},{"@type":"BreadcrumbList","@id":"https:\/\/clinicadentalbadalona.com\/ca\/lopd\/#breadcrumb","itemListElement":[{"@type":"ListItem","position":1,"name":"Portada","item":"https:\/\/clinicadentalbadalona.com\/ca\/"},{"@type":"ListItem","position":2,"name":"LOPD"}]},{"@type":"WebSite","@id":"https:\/\/clinicadentalbadalona.com\/#website","url":"https:\/\/clinicadentalbadalona.com\/","name":"Ull Dent | Cl\u00ednica dental y medicina est\u00e9tica Badalona","description":"Clinica Dental | Dentista Badalona - Implantes dentales Periodoncia avanzada Cirugia Oral Est\u00e9tica Dental Odontolog\u00eda preventiva","publisher":{"@id":"https:\/\/clinicadentalbadalona.com\/#organization"},"potentialAction":[{"@type":"SearchAction","target":{"@type":"EntryPoint","urlTemplate":"https:\/\/clinicadentalbadalona.com\/?s={search_term_string}"},"query-input":{"@type":"PropertyValueSpecification","valueRequired":true,"valueName":"search_term_string"}}],"inLanguage":"ca"},{"@type":"Organization","@id":"https:\/\/clinicadentalbadalona.com\/#organization","name":"Ull Dent | Cl\u00ednica dental y medicina est\u00e9tica Badalona","url":"https:\/\/clinicadentalbadalona.com\/","logo":{"@type":"ImageObject","inLanguage":"ca","@id":"https:\/\/clinicadentalbadalona.com\/#\/schema\/logo\/image\/","url":"https:\/\/clinicadentalbadalona.com\/wp-content\/uploads\/2020\/11\/clinicaulldent_logo1color_lq.png","contentUrl":"https:\/\/clinicadentalbadalona.com\/wp-content\/uploads\/2020\/11\/clinicaulldent_logo1color_lq.png","width":1182,"height":199,"caption":"Ull Dent | Cl\u00ednica dental y medicina est\u00e9tica Badalona"},"image":{"@id":"https:\/\/clinicadentalbadalona.com\/#\/schema\/logo\/image\/"}}]}},"_links":{"self":[{"href":"https:\/\/clinicadentalbadalona.com\/ca\/wp-json\/wp\/v2\/pages\/9917\/"}],"collection":[{"href":"https:\/\/clinicadentalbadalona.com\/ca\/wp-json\/wp\/v2\/pages\/"}],"about":[{"href":"https:\/\/clinicadentalbadalona.com\/ca\/wp-json\/wp\/v2\/types\/page\/"}],"author":[{"embeddable":true,"href":"https:\/\/clinicadentalbadalona.com\/ca\/wp-json\/wp\/v2\/users\/1\/"}],"replies":[{"embeddable":true,"href":"https:\/\/clinicadentalbadalona.com\/ca\/wp-json\/wp\/v2\/comments\/?post=9917"}],"version-history":[{"count":0,"href":"https:\/\/clinicadentalbadalona.com\/ca\/wp-json\/wp\/v2\/pages\/9917\/revisions\/"}],"wp:attachment":[{"href":"https:\/\/clinicadentalbadalona.com\/ca\/wp-json\/wp\/v2\/media\/?parent=9917"}],"curies":[{"name":"wp","href":"https:\/\/api.w.org\/{rel}","templated":true}]}}